{"id":622,"date":"2024-03-01T11:19:24","date_gmt":"2024-03-01T10:19:24","guid":{"rendered":"https:\/\/ijbs.unyt.edu.al\/?page_id=622"},"modified":"2024-03-20T10:44:28","modified_gmt":"2024-03-20T09:44:28","slug":"contact-us","status":"publish","type":"page","link":"https:\/\/ijbs.unyt.edu.al\/index.php\/contact-us\/","title":{"rendered":"Contact"},"content":{"rendered":"<p>[vc_row no_padding=&#8221;true&#8221; bg_type=&#8221;&#8221; dima_canvas_style=&#8221;&#8221; translate_x=&#8221;0&#8243; dima_z_index=&#8221;0&#8243; delay=&#8221;&#8221; animate_item=&#8221;&#8221; delay_duration=&#8221;&#8221; delay_offset=&#8221;&#8221; id=&#8221;&#8221; class=&#8221;&#8221; border_color=&#8221;&#8221; tutorials=&#8221;&#8221; css=&#8221;.vc_custom_1710927824502{margin-top: -60px !important;}&#8221;][vc_column min_height=&#8221;&#8221; bg_type=&#8221;&#8221; dima_canvas_style=&#8221;&#8221; translate_x=&#8221;0&#8243; dima_z_index=&#8221;0&#8243; delay=&#8221;&#8221; animate_item=&#8221;&#8221; delay_duration=&#8221;&#8221; delay_offset=&#8221;&#8221; width=&#8221;1\/1&#8243;]\n\t<div class=\"wpb_content_element \" >\n\t\t<div class=\"wpb_wrapper\">\n\t\t\t<h5 style=\"text-align: center;\"><strong>University of New York Tirana<\/strong><\/h5>\n<p style=\"text-align: center;\">Institute of European &amp; Balkan Studies<\/p>\n<p style=\"text-align: center;\">International Journal of Balkan Studies<\/p>\n<p style=\"text-align: center;\">Email: <a href=\"mailto:ijbs@unyt.edu.al\" target=\"_blank\" rel=\"noopener\">ijbs@unyt.edu.al<\/a><\/p>\n<p style=\"text-align: center;\">\n<h5 style=\"text-align: center;\"><strong>Addresses<\/strong><\/h5>\n<p style=\"text-align: center;\">Main Campus : Rruga e Kavaj\u00ebs, Pran\u00eb 21 Dhjetorit (Sheshi Ataturk) Tiran\u00eb, Albania<\/p>\n<p style=\"text-align: center;\">East Campus : Autostrada Tiran\u00eb \u2013 Elbasan Km 2, Sauk 1020, Tiran\u00eb, Albania<\/p>\n<p style=\"text-align: center;\">Tel: +35544512345<\/p>\n\n\t\t<\/div> \n\t<\/div> [vc_gmaps link=&#8221;#E-8_JTNDaWZyYW1lJTIwc3JjJTNEJTIyaHR0cHMlM0ElMkYlMkZ3d3cuZ29vZ2xlLmNvbSUyRm1hcHMlMkZlbWJlZCUzRnBiJTNEJTIxMW0xOCUyMTFtMTIlMjExbTMlMjExZDEwNTkuMzA2ODMzNjM0Nzg0NCUyMTJkMTkuODA0ODg1MDc1MDExNzklMjEzZDQxLjMyNjg2OTEyMTY5NzUlMjEybTMlMjExZjAlMjEyZjAlMjEzZjAlMjEzbTIlMjExaTEwMjQlMjEyaTc2OCUyMTRmMTMuMSUyMTNtMyUyMTFtMiUyMTFzMHgxMzUwMzA1NjA1MGEyMWY3JTI1M0EweDI4NWM0ODI2ZDA1YzUzYzElMjEyc1VuaXZlcnNpdHklMjUyMG9mJTI1MjBOZXclMjUyMFlvcmslMjUyMFRpcmFuYSUyMTVlMCUyMTNtMiUyMTFzZW4lMjEycyUyMTR2MTcwOTMwNDMwMjMzNCUyMTVtMiUyMTFzZW4lMjEycyUyMiUyMHdpZHRoJTNEJTIyNjAwJTIyJTIwaGVpZ2h0JTNEJTIyNDUwJTIyJTIwc3R5bGUlM0QlMjJib3JkZXIlM0EwJTNCJTIyJTIwYWxsb3dmdWxsc2NyZWVuJTNEJTIyJTIyJTIwbG9hZGluZyUzRCUyMmxhenklMjIlMjByZWZlcnJlcnBvbGljeSUzRCUyMm5vLXJlZmVycmVyLXdoZW4tZG93bmdyYWRlJTIyJTNFJTNDJTJGaWZyYW1lJTNF&#8221;][vc_widget_sidebar sidebar_id=&#8221;footer-3&#8243;][\/vc_column][\/vc_row]<\/p>\n","protected":false},"excerpt":{"rendered":"<p>[vc_row no_padding=&#8221;true&#8221; bg_type=&#8221;&#8221; dima_canvas_style=&#8221;&#8221; translate_x=&#8221;0&#8243; dima_z_index=&#8221;0&#8243; delay=&#8221;&#8221; animate_item=&#8221;&#8221; delay_duration=&#8221;&#8221; delay_offset=&#8221;&#8221; id=&#8221;&#8221; class=&#8221;&#8221; border_color=&#8221;&#8221; tutorials=&#8221;&#8221; css=&#8221;.vc_custom_1710927824502{margin-top: -60px !important;}&#8221;][vc_column min_height=&#8221;&#8221; bg_type=&#8221;&#8221; dima_canvas_style=&#8221;&#8221; translate_x=&#8221;0&#8243; dima_z_index=&#8221;0&#8243; delay=&#8221;&#8221; animate_item=&#8221;&#8221; delay_duration=&#8221;&#8221; delay_offset=&#8221;&#8221; width=&#8221;1\/1&#8243;][vc_gmaps link=&#8221;#E-8_JTNDaWZyYW1lJTIwc3JjJTNEJTIyaHR0cHMlM0ElMkYlMkZ3d3cuZ29vZ2xlLmNvbSUyRm1hcHMlMkZlbWJlZCUzRnBiJTNEJTIxMW0xOCUyMTFtMTIlMjExbTMlMjExZDEwNTkuMzA2ODMzNjM0Nzg0NCUyMTJkMTkuODA0ODg1MDc1MDExNzklMjEzZDQxLjMyNjg2OTEyMTY5NzUlMjEybTMlMjExZjAlMjEyZjAlMjEzZjAlMjEzbTIlMjExaTEwMjQlMjEyaTc2OCUyMTRmMTMuMSUyMTNtMyUyMTFtMiUyMTFzMHgxMzUwMzA1NjA1MGEyMWY3JTI1M0EweDI4NWM0ODI2ZDA1YzUzYzElMjEyc1VuaXZlcnNpdHklMjUyMG9mJTI1MjBOZXclMjUyMFlvcmslMjUyMFRpcmFuYSUyMTVlMCUyMTNtMiUyMTFzZW4lMjEycyUyMTR2MTcwOTMwNDMwMjMzNCUyMTVtMiUyMTFzZW4lMjEycyUyMiUyMHdpZHRoJTNEJTIyNjAwJTIyJTIwaGVpZ2h0JTNEJTIyNDUwJTIyJTIwc3R5bGUlM0QlMjJib3JkZXIlM0EwJTNCJTIyJTIwYWxsb3dmdWxsc2NyZWVuJTNEJTIyJTIyJTIwbG9hZGluZyUzRCUyMmxhenklMjIlMjByZWZlcnJlcnBvbGljeSUzRCUyMm5vLXJlZmVycmVyLXdoZW4tZG93bmdyYWRlJTIyJTNFJTNDJTJGaWZyYW1lJTNF&#8221;][vc_widget_sidebar sidebar_id=&#8221;footer-3&#8243;][\/vc_column][\/vc_row]<\/p>\n","protected":false},"author":1,"featured_media":0,"parent":0,"menu_order":0,"comment_status":"closed","ping_status":"closed","template":"","meta":{"_acf_changed":false,"_oasis_is_in_workflow":0,"_oasis_original":0,"footnotes":""},"class_list":["post-622","page","type-page","status-publish","hentry"],"acf":[],"amp_enabled":true,"_links":{"self":[{"href":"https:\/\/ijbs.unyt.edu.al\/index.php\/wp-json\/wp\/v2\/pages\/622","targetHints":{"allow":["GET"]}}],"collection":[{"href":"https:\/\/ijbs.unyt.edu.al\/index.php\/wp-json\/wp\/v2\/pages"}],"about":[{"href":"https:\/\/ijbs.unyt.edu.al\/index.php\/wp-json\/wp\/v2\/types\/page"}],"author":[{"embeddable":true,"href":"https:\/\/ijbs.unyt.edu.al\/index.php\/wp-json\/wp\/v2\/users\/1"}],"replies":[{"embeddable":true,"href":"https:\/\/ijbs.unyt.edu.al\/index.php\/wp-json\/wp\/v2\/comments?post=622"}],"version-history":[{"count":0,"href":"https:\/\/ijbs.unyt.edu.al\/index.php\/wp-json\/wp\/v2\/pages\/622\/revisions"}],"wp:attachment":[{"href":"https:\/\/ijbs.unyt.edu.al\/index.php\/wp-json\/wp\/v2\/media?parent=622"}],"curies":[{"name":"wp","href":"https:\/\/api.w.org\/{rel}","templated":true}]}}